{"id":3591,"date":"2026-04-12T21:03:46","date_gmt":"2026-04-12T19:03:46","guid":{"rendered":"https:\/\/brfkapan.se\/?page_id=3591"},"modified":"2026-04-18T08:51:49","modified_gmt":"2026-04-18T06:51:49","slug":"gemensamma-utrymmen-forrad","status":"publish","type":"page","link":"https:\/\/brfkapan.se\/?page_id=3591","title":{"rendered":"Gemensamma utrymmen &#038; F\u00f6rr\u00e5d"},"content":{"rendered":"<div id=\"pl-3591\"  class=\"panel-layout\" ><div id=\"pg-3591-0\"  class=\"panel-grid panel-no-style\" ><div id=\"pgc-3591-0-0\"  class=\"panel-grid-cell\" ><div id=\"panel-3591-0-0-0\" class=\"so-panel widget widget_sow-editor panel-first-child panel-last-child\" data-index=\"0\" ><div\n\t\t\t\n\t\t\tclass=\"so-widget-sow-editor so-widget-sow-editor-base\"\n\t\t\t\n\t\t>\n<div class=\"siteorigin-widget-tinymce textwidget\">\n\t<p data-path-to-node=\"1\">H\u00e4r hittar du information om f\u00f6reningens gemensamma f\u00f6rr\u00e5d, utrustning och vattenutposter.<\/p>\n<p data-path-to-node=\"1\"><b data-path-to-node=\"1\" data-index-in-node=\"0\">Cykelf\u00f6rr\u00e5d<\/b><\/p>\n<ul data-path-to-node=\"2\">\n<li>\n<p data-path-to-node=\"2,0,0\"><b data-path-to-node=\"2,0,0\" data-index-in-node=\"0\">Plats:<\/b> Valvet vid port 14.<\/p>\n<\/li>\n<li>\n<p data-path-to-node=\"2,1,0\"><b data-path-to-node=\"2,1,0\" data-index-in-node=\"0\">\u00c5tkomst:<\/b> Ing\u00e5ng sker endast med din <b data-path-to-node=\"2,1,0\" data-index-in-node=\"36\">hush\u00e5llsnyckel<\/b>.<\/p>\n<\/li>\n<li>\n<p data-path-to-node=\"2,2,0\"><b data-path-to-node=\"2,2,0\" data-index-in-node=\"0\">Regler:<\/b> Endast cyklar som anv\u00e4nds regelbundet f\u00e5r f\u00f6rvaras h\u00e4r. Trasiga eller oanv\u00e4nda cyklar ska f\u00f6rvaras i ditt privata vinds- eller k\u00e4llarf\u00f6rr\u00e5d.<\/p>\n<\/li>\n<\/ul>\n<p data-path-to-node=\"3\"><b data-path-to-node=\"3\" data-index-in-node=\"0\">Gemensamt Tr\u00e4dg\u00e5rdsf\u00f6rr\u00e5d<\/b><\/p>\n<ul data-path-to-node=\"4\">\n<li>\n<p data-path-to-node=\"4,0,0\"><b data-path-to-node=\"4,0,0\" data-index-in-node=\"0\">Plats:<\/b> Valvet vid port 14.<\/p>\n<\/li>\n<li>\n<p data-path-to-node=\"4,1,0\"><b data-path-to-node=\"4,1,0\" data-index-in-node=\"0\">\u00c5tkomst:<\/b> Ytterd\u00f6rren till valvet \u00f6ppnas med <b data-path-to-node=\"4,1,0\" data-index-in-node=\"44\">passertagg (bricka)<\/b>. Sj\u00e4lva tr\u00e4dg\u00e5rdsf\u00f6rr\u00e5det \u00f6ppnas med din <b data-path-to-node=\"4,1,0\" data-index-in-node=\"105\">hush\u00e5llsnyckel<\/b>.<\/p>\n<\/li>\n<li>\n<p data-path-to-node=\"4,2,0\"><b data-path-to-node=\"4,2,0\" data-index-in-node=\"0\">Utrustning:<\/b> * Grillredskap (f\u00f6r b\u00e5da g\u00e5rdarna).<\/p>\n<ul data-path-to-node=\"4,2,1\">\n<li>\n<p data-path-to-node=\"4,2,1,0,0\">Vattenslangar och nyckel till utomhusvattenkranar.<\/p>\n<\/li>\n<li>\n<p data-path-to-node=\"4,2,1,1,0\">Tr\u00e4dg\u00e5rdsredskap, skottk\u00e4rra och pirra.<\/p>\n<\/li>\n<\/ul>\n<\/li>\n<li>\n<p data-path-to-node=\"4,3,0\"><b data-path-to-node=\"4,3,0\" data-index-in-node=\"0\">Regler:<\/b> Reng\u00f6r redskap efter anv\u00e4ndning och h\u00e4ng tillbaka vattennyckeln p\u00e5 sin plats.<\/p>\n<\/li>\n<\/ul>\n<p data-path-to-node=\"5\"><b data-path-to-node=\"5\" data-index-in-node=\"0\">Utomhusvatten<\/b><\/p>\n<ul data-path-to-node=\"6\">\n<li>\n<p data-path-to-node=\"6,0,0\"><b data-path-to-node=\"6,0,0\" data-index-in-node=\"0\">Plats:<\/b> Se markerade platser p\u00e5 kartan.<\/p>\n<\/li>\n<li>\n<p data-path-to-node=\"6,1,0\"><b data-path-to-node=\"6,1,0\" data-index-in-node=\"0\">Anv\u00e4ndning:<\/b> Kranarna kr\u00e4ver en specifik nyckel som f\u00f6rvaras i <b data-path-to-node=\"6,1,0\" data-index-in-node=\"62\">tr\u00e4dg\u00e5rdsf\u00f6rr\u00e5det<\/b>. St\u00e4ng kranen helt och rulla ihop slangen efter anv\u00e4ndning.<\/p>\n<\/li>\n<\/ul>\n<p><img loading=\"lazy\" decoding=\"async\" class=\"\" src=\"https:\/\/brfkapan.se\/wp-content\/uploads\/2026\/04\/Skarmbild-2025-10-13-131453.png\" width=\"600\" height=\"427\" \/><\/p>\n<p data-path-to-node=\"7\"><b data-path-to-node=\"7\" data-index-in-node=\"0\">L\u00e5n av maskiner &amp; verktyg (Styrelsef\u00f6rr\u00e5det)<\/b> Utl\u00e4mning och \u00e5terl\u00e4mning sker <b data-path-to-node=\"7\" data-index-in-node=\"76\">endast<\/b> tillsammans med en representant fr\u00e5n styrelsen.<\/p>\n<ul data-path-to-node=\"8\">\n<li>\n<p data-path-to-node=\"8,0,0\"><b data-path-to-node=\"8,0,0\" data-index-in-node=\"0\">Utrustning:<\/b><\/p>\n<ul data-path-to-node=\"8,0,1\">\n<li>\n<p data-path-to-node=\"8,0,1,0,0\">Slagborr<\/p>\n<\/li>\n<li>\n<p data-path-to-node=\"8,0,1,1,0\">Multistege<\/p>\n<\/li>\n<li>\n<p data-path-to-node=\"8,0,1,2,0\">L\u00e5ng stege<\/p>\n<\/li>\n<li>\n<p data-path-to-node=\"8,0,1,3,0\">H\u00f6gtryckstv\u00e4tt med altanborste<\/p>\n<\/li>\n<li>\n<p data-path-to-node=\"8,0,1,4,0\">Batteridriven elektrisk grensax<\/p>\n<\/li>\n<li>\n<p data-path-to-node=\"8,0,1,5,0\">Kompostkvarn (grenshredder)<\/p>\n<\/li>\n<li>\n<p data-path-to-node=\"8,0,1,6,0\">Elektrisk gr\u00e4sklippare<\/p>\n<\/li>\n<\/ul>\n<\/li>\n<li>\n<p data-path-to-node=\"8,1,0\"><b data-path-to-node=\"8,1,0\" data-index-in-node=\"0\">Bokning:<\/b> Via <b data-path-to-node=\"8,1,0\" data-index-in-node=\"13\">Kontakta oss<\/b>-formul\u00e4ret p\u00e5 hemsidan.<\/p>\n<\/li>\n<li>\n<p data-path-to-node=\"8,2,0\"><b data-path-to-node=\"8,2,0\" data-index-in-node=\"0\">Framf\u00f6rh\u00e5llning:<\/b> Senast <b data-path-to-node=\"8,2,0\" data-index-in-node=\"24\">3 dagar i f\u00f6rv\u00e4g<\/b>. Vid f\u00f6rfr\u00e5gan samma dag kan vi inte garantera att n\u00e5gon i styrelsen \u00e4r tillg\u00e4nglig.<\/p>\n<\/li>\n<li>\n<p data-path-to-node=\"8,3,0\"><b data-path-to-node=\"8,3,0\" data-index-in-node=\"0\">Ansvar:<\/b> Utrustningen ska \u00e5terl\u00e4mnas rengjord och i gott skick. Rapportera eventuella fel direkt.<\/p>\n<\/li>\n<\/ul>\n<\/div>\n<\/div><\/div><\/div><\/div><\/div>","protected":false},"excerpt":{"rendered":"<p>H\u00e4r hittar du information om f\u00f6reningens gemensamma f\u00f6rr\u00e5d, utrustning och [&hellip;]<\/p>\n","protected":false},"author":730,"featured_media":0,"parent":8,"menu_order":3,"comment_status":"closed","ping_status":"closed","template":"","meta":{"_mc_calendar":[],"footnotes":""},"class_list":["post-3591","page","type-page","status-publish","hentry","clearfix"],"_links":{"self":[{"href":"https:\/\/brfkapan.se\/index.php?rest_route=\/wp\/v2\/pages\/3591","targetHints":{"allow":["GET"]}}],"collection":[{"href":"https:\/\/brfkapan.se\/index.php?rest_route=\/wp\/v2\/pages"}],"about":[{"href":"https:\/\/brfkapan.se\/index.php?rest_route=\/wp\/v2\/types\/page"}],"author":[{"embeddable":true,"href":"https:\/\/brfkapan.se\/index.php?rest_route=\/wp\/v2\/users\/730"}],"replies":[{"embeddable":true,"href":"https:\/\/brfkapan.se\/index.php?rest_route=%2Fwp%2Fv2%2Fcomments&post=3591"}],"version-history":[{"count":5,"href":"https:\/\/brfkapan.se\/index.php?rest_route=\/wp\/v2\/pages\/3591\/revisions"}],"predecessor-version":[{"id":3613,"href":"https:\/\/brfkapan.se\/index.php?rest_route=\/wp\/v2\/pages\/3591\/revisions\/3613"}],"up":[{"embeddable":true,"href":"https:\/\/brfkapan.se\/index.php?rest_route=\/wp\/v2\/pages\/8"}],"wp:attachment":[{"href":"https:\/\/brfkapan.se\/index.php?rest_route=%2Fwp%2Fv2%2Fmedia&parent=3591"}],"curies":[{"name":"wp","href":"https:\/\/api.w.org\/{rel}","templated":true}]}}