{"id":3581,"date":"2026-04-12T19:02:15","date_gmt":"2026-04-12T17:02:15","guid":{"rendered":"https:\/\/brfkapan.se\/?page_id=3581"},"modified":"2026-04-18T08:50:52","modified_gmt":"2026-04-18T06:50:52","slug":"avfallshantering-och-sopsortering","status":"publish","type":"page","link":"https:\/\/brfkapan.se\/?page_id=3581","title":{"rendered":"Avfallshantering och Sopsortering"},"content":{"rendered":"<div id=\"pl-3581\"  class=\"panel-layout\" ><div id=\"pg-3581-0\"  class=\"panel-grid panel-no-style\" ><div id=\"pgc-3581-0-0\"  class=\"panel-grid-cell\" ><div id=\"panel-3581-0-0-0\" class=\"so-panel widget widget_sow-editor panel-first-child panel-last-child\" data-index=\"0\" ><div\n\t\t\t\n\t\t\tclass=\"so-widget-sow-editor so-widget-sow-editor-base\"\n\t\t\t\n\t\t>\n<div class=\"siteorigin-widget-tinymce textwidget\">\n\t<p data-path-to-node=\"1\">Vi ansvarar gemensamt f\u00f6r att hantera v\u00e5rt avfall r\u00e4tt och undvika on\u00f6diga kostnader f\u00f6r f\u00f6reningen. Det \u00e4r absolut <b data-path-to-node=\"1\" data-index-in-node=\"116\">f\u00f6rbjudet<\/b> att st\u00e4lla skr\u00e4p i trapphus eller f\u00f6rr\u00e5dsg\u00e5ngar p\u00e5 grund av brandrisk och framkomlighet.<\/p>\n<p data-path-to-node=\"2\"><b data-path-to-node=\"2\" data-index-in-node=\"0\">Snabbguide: Var sl\u00e4nger jag vad?<\/b><\/p>\n<table data-path-to-node=\"3\">\n<thead>\n<tr>\n<td><strong>Avfallstyp<\/strong><\/td>\n<td><strong>R\u00e4tt plats<\/strong><\/td>\n<\/tr>\n<\/thead>\n<tbody>\n<tr>\n<td><span data-path-to-node=\"3,1,0,0\"><b data-path-to-node=\"3,1,0,0\" data-index-in-node=\"0\">Matavfall &amp; Hush\u00e5llssopor<\/b><\/span><\/td>\n<td><span data-path-to-node=\"3,1,1,0\">Sopnedkastet i trapphuset<\/span><\/td>\n<\/tr>\n<tr>\n<td><span data-path-to-node=\"3,2,0,0\"><b data-path-to-node=\"3,2,0,0\" data-index-in-node=\"0\">Grovsopor (ej byggsopor)<\/b><\/span><\/td>\n<td><span data-path-to-node=\"3,2,1,0\">Grovsoprummet (Valvet vid port 14)<\/span><\/td>\n<\/tr>\n<tr>\n<td><span data-path-to-node=\"3,3,0,0\"><b data-path-to-node=\"3,3,0,0\" data-index-in-node=\"0\">Sm\u00e5elektronik &amp; Batterier<\/b><\/span><\/td>\n<td><span data-path-to-node=\"3,3,1,0\">El-\u00e5tervinningen (Valvet vid port 14)<\/span><\/td>\n<\/tr>\n<tr>\n<td><span data-path-to-node=\"3,4,0,0\"><b data-path-to-node=\"3,4,0,0\" data-index-in-node=\"0\">F\u00f6rpackningar<\/b> (Plast, papper, glas)<\/span><\/td>\n<td><span data-path-to-node=\"3,4,1,0\">Kommunens \u00e5tervinningsstation<\/span><\/td>\n<\/tr>\n<tr>\n<td><span data-path-to-node=\"3,5,0,0\"><b data-path-to-node=\"3,5,0,0\" data-index-in-node=\"0\">M\u00f6bler, vitvaror &amp; byggskr\u00e4p<\/b><\/span><\/td>\n<td><span data-path-to-node=\"3,5,1,0\">\u00c5tervinningscentral (\u00d6stberga eller Vant\u00f6r)<\/span><\/td>\n<\/tr>\n<tr>\n<td><span data-path-to-node=\"3,6,0,0\"><b data-path-to-node=\"3,6,0,0\" data-index-in-node=\"0\">Tr\u00e4dg\u00e5rdsavfall<\/b> (Grenar, l\u00f6v)<\/span><\/td>\n<td><span data-path-to-node=\"3,6,1,0\">Vant\u00f6rs \u00c5tervinningscentral<\/span><\/td>\n<\/tr>\n<\/tbody>\n<\/table>\n<p data-path-to-node=\"4\"><b data-path-to-node=\"4\" data-index-in-node=\"0\">Sopnedkast (Hush\u00e5llssopor &amp; Matavfall)<\/b><\/p>\n<ul data-path-to-node=\"5\">\n<li>\n<p data-path-to-node=\"5,0,0\"><b data-path-to-node=\"5,0,0\" data-index-in-node=\"0\">Plats:<\/b> Finns p\u00e5 alla v\u00e5ningsplan i trapphusen. Bor du p\u00e5 markplan anv\u00e4nder du sopnedkastet i n\u00e4rmaste port.<\/p>\n<\/li>\n<li>\n<p data-path-to-node=\"5,1,0\"><b data-path-to-node=\"5,1,0\" data-index-in-node=\"0\">Matavfall:<\/b> Sl\u00e4ngs i gr\u00f6na p\u00e5sar. Dessa finns att h\u00e4mta i tv\u00e4ttstugan, i en kartong till v\u00e4nster om torksk\u00e5pen. P\u00e5sarna \u00e4r gratis och f\u00e5r <b data-path-to-node=\"5,1,0\" data-index-in-node=\"137\">endast<\/b> inneh\u00e5lla matrester.<\/p>\n<\/li>\n<li>\n<p data-path-to-node=\"5,2,0\"><b data-path-to-node=\"5,2,0\" data-index-in-node=\"0\">Hush\u00e5llssopor:<\/b> Sl\u00e4ngs i dina egna, v\u00e4l f\u00f6rslutna plastp\u00e5sar.<\/p>\n<\/li>\n<li>\n<p data-path-to-node=\"5,3,0\"><b data-path-to-node=\"5,3,0\" data-index-in-node=\"0\">St\u00e4ng luckan:<\/b> St\u00e4ng alltid luckan ordentligt efter dig, annars slutar sugsystemet att fungera.<\/p>\n<\/li>\n<li>\n<p data-path-to-node=\"5,4,0\"><b data-path-to-node=\"5,4,0\" data-index-in-node=\"0\">Stopp i systemet:<\/b> Kasta aldrig in stora f\u00f6rem\u00e5l eller pizzakartonger. Varje stopp kostar f\u00f6reningen <b data-path-to-node=\"5,4,0\" data-index-in-node=\"100\">1 300 kr<\/b> i utryckningsavgift.<\/p>\n<\/li>\n<\/ul>\n<p data-path-to-node=\"6\"><b data-path-to-node=\"6\" data-index-in-node=\"0\">F\u00f6reningens Milj\u00f6rum &amp; Grovsoprum (Valvet vid port 14)<\/b><\/p>\n<ul data-path-to-node=\"7\">\n<li>\n<p data-path-to-node=\"7,0,0\"><b data-path-to-node=\"7,0,0\" data-index-in-node=\"0\">Grovsopor:<\/b> Stora och torra sopor kan efter sortering sl\u00e4ngas i grovsoprummet. Detta \u00e4r enbart till f\u00f6r dina grovsopor fr\u00e5n l\u00e4genheten och f\u00f6rr\u00e5det (<b data-path-to-node=\"7,0,0\" data-index-in-node=\"148\">ej<\/b> byggsopor eller matavfall).<\/p>\n<\/li>\n<li>\n<p data-path-to-node=\"7,1,0\"><b data-path-to-node=\"7,1,0\" data-index-in-node=\"0\">Viktigt vid fulla containrar:<\/b> Sopor f\u00e5r <b data-path-to-node=\"7,1,0\" data-index-in-node=\"40\">inte<\/b> st\u00e4llas p\u00e5 golvet bredvid containrarna. F\u00f6reningen debiteras en extra avgift varje g\u00e5ng detta sker. \u00c4r det fullt m\u00e5ste du v\u00e4nta ett par dagar och prova igen. Grovsoporna t\u00f6ms normalt tv\u00e5 g\u00e5nger i veckan p\u00e5 vardagar (kan bli endast en g\u00e5ng under korta veckor\/r\u00f6da dagar).<\/p>\n<\/li>\n<li>\n<p data-path-to-node=\"7,2,0\"><b data-path-to-node=\"7,2,0\" data-index-in-node=\"0\">El-\u00e5tervinning:<\/b> K\u00e4llarutrymmet i valvet. H\u00e4r l\u00e4mnar du batterier, gl\u00f6dlampor, sm\u00e5elektronik och mindre hush\u00e5llsapparater.<\/p>\n<\/li>\n<li>\n<p data-path-to-node=\"7,3,0\"><b data-path-to-node=\"7,3,0\" data-index-in-node=\"0\">F\u00f6rbjudet (Vitvaror):<\/b> Spisar, tv\u00e4ttmaskiner och liknande stora vitvaror f\u00e5r ej l\u00e4mnas h\u00e4r. Dessa m\u00e5ste transporteras till \u00e5tervinningscentralen.<\/p>\n<\/li>\n<\/ul>\n<p data-path-to-node=\"8\"><b data-path-to-node=\"8\" data-index-in-node=\"0\">\u00c5tervinningsstation (F\u00f6rpackningar)<\/b><\/p>\n<ul data-path-to-node=\"9\">\n<li>\n<p data-path-to-node=\"9,0,0\"><b data-path-to-node=\"9,0,0\" data-index-in-node=\"0\">Vad:<\/b> H\u00e4r kastar du f\u00f6rpackningar av plast, papper, kartong, metall och glas samt tidningar.<\/p>\n<\/li>\n<li>\n<p data-path-to-node=\"9,1,0\"><b data-path-to-node=\"9,1,0\" data-index-in-node=\"0\">Plats:<\/b> V\u00e5r n\u00e4rmaste station ligger p\u00e5 G\u00f6talandsv\u00e4gen 205 (bredvid Motel L).<\/p>\n<\/li>\n<\/ul>\n<p data-path-to-node=\"10\"><b data-path-to-node=\"10\" data-index-in-node=\"0\">\u00c5tervinningscentraler (\u00c5VC)<\/b><\/p>\n<p data-path-to-node=\"11\">F\u00f6r m\u00f6bler, vitvaror, kemikalier, m\u00e5larburkar och byggskr\u00e4p.<\/p>\n<ul data-path-to-node=\"12\">\n<li>\n<p data-path-to-node=\"12,0,0\"><b data-path-to-node=\"12,0,0\" data-index-in-node=\"0\">\u00d6stberga \u00c5VC:<\/b> Bussens V\u00e4g 2. Kollektivt: Buss 144 mot Gullmarsplan, h\u00e5llplats Sockengr\u00e4nd.<\/p>\n<\/li>\n<li>\n<p data-path-to-node=\"12,1,0\"><b data-path-to-node=\"12,1,0\" data-index-in-node=\"0\">Vant\u00f6rs \u00c5VC:<\/b> Kvicksundsv\u00e4gen 14 A, Bandhagen. H\u00e4r har du \u00e4ven m\u00f6jlighet att \u00e5tervinna <b data-path-to-node=\"12,1,0\" data-index-in-node=\"86\">tr\u00e4dg\u00e5rdsavfall<\/b> s\u00e5som grenar och l\u00f6v.<\/p>\n<\/li>\n<\/ul>\n<p data-path-to-node=\"13\"><b data-path-to-node=\"13\" data-index-in-node=\"0\">\u00d6vriga alternativ f\u00f6r grovsopor<\/b><\/p>\n<ul data-path-to-node=\"14\">\n<li>\n<p data-path-to-node=\"14,0,0\"><b data-path-to-node=\"14,0,0\" data-index-in-node=\"0\">Container:<\/b> Tv\u00e5 g\u00e5nger per \u00e5r, vid v\u00e5r- och h\u00f6stst\u00e4dningen, st\u00e4lls en container ut utanf\u00f6r f\u00f6rskolan. Endast f\u00f6r grovsopor (absolut inget farligt avfall eller elavfall).<\/p>\n<\/li>\n<li>\n<p data-path-to-node=\"14,1,0\"><b data-path-to-node=\"14,1,0\" data-index-in-node=\"0\">H\u00e4mtning fr\u00e5n d\u00f6rren:<\/b> Boende kan boka kostnadsfri h\u00e4mtning av farligt avfall och sm\u00e5elektronik fr\u00e5n d\u00f6rren under januari och juli. Boka via Stockholms stads kundservice p\u00e5 <b data-path-to-node=\"14,1,0\" data-index-in-node=\"172\">08-522 120 00<\/b>.<\/p>\n<\/li>\n<\/ul>\n<\/div>\n<\/div><\/div><\/div><\/div><\/div>","protected":false},"excerpt":{"rendered":"<p>Vi ansvarar gemensamt f\u00f6r att hantera v\u00e5rt avfall r\u00e4tt och [&hellip;]<\/p>\n","protected":false},"author":730,"featured_media":0,"parent":8,"menu_order":2,"comment_status":"closed","ping_status":"closed","template":"","meta":{"_mc_calendar":[],"footnotes":""},"class_list":["post-3581","page","type-page","status-publish","hentry","clearfix"],"_links":{"self":[{"href":"https:\/\/brfkapan.se\/index.php?rest_route=\/wp\/v2\/pages\/3581","targetHints":{"allow":["GET"]}}],"collection":[{"href":"https:\/\/brfkapan.se\/index.php?rest_route=\/wp\/v2\/pages"}],"about":[{"href":"https:\/\/brfkapan.se\/index.php?rest_route=\/wp\/v2\/types\/page"}],"author":[{"embeddable":true,"href":"https:\/\/brfkapan.se\/index.php?rest_route=\/wp\/v2\/users\/730"}],"replies":[{"embeddable":true,"href":"https:\/\/brfkapan.se\/index.php?rest_route=%2Fwp%2Fv2%2Fcomments&post=3581"}],"version-history":[{"count":7,"href":"https:\/\/brfkapan.se\/index.php?rest_route=\/wp\/v2\/pages\/3581\/revisions"}],"predecessor-version":[{"id":3599,"href":"https:\/\/brfkapan.se\/index.php?rest_route=\/wp\/v2\/pages\/3581\/revisions\/3599"}],"up":[{"embeddable":true,"href":"https:\/\/brfkapan.se\/index.php?rest_route=\/wp\/v2\/pages\/8"}],"wp:attachment":[{"href":"https:\/\/brfkapan.se\/index.php?rest_route=%2Fwp%2Fv2%2Fmedia&parent=3581"}],"curies":[{"name":"wp","href":"https:\/\/api.w.org\/{rel}","templated":true}]}}