{"id":3290,"date":"2025-10-27T09:15:34","date_gmt":"2025-10-27T08:15:34","guid":{"rendered":"https:\/\/brfkapan.se\/?page_id=3290"},"modified":"2025-10-27T09:18:28","modified_gmt":"2025-10-27T08:18:28","slug":"request-website-access","status":"publish","type":"page","link":"https:\/\/brfkapan.se\/?page_id=3290&lang=en","title":{"rendered":"Request Website Access"},"content":{"rendered":"<div id=\"pl-3290\"  class=\"panel-layout\" ><div id=\"pg-3290-0\"  class=\"panel-grid panel-no-style\" ><div id=\"pgc-3290-0-0\"  class=\"panel-grid-cell\" ><div id=\"panel-3290-0-0-0\" class=\"so-panel widget widget_sow-editor panel-first-child panel-last-child\" data-index=\"0\" ><div\n\t\t\t\n\t\t\tclass=\"so-widget-sow-editor so-widget-sow-editor-base\"\n\t\t\t\n\t\t>\n<div class=\"siteorigin-widget-tinymce textwidget\">\n\t<h2>Why Do I Need an Account?<\/h2>\n<p>Certain parts of our association's website, such as garage information, internal documents, resident guidelines, and booking information, are only accessible to members. By creating a personal account, you will gain access to all relevant information concerning your residence in Brf K\u00e5pan.<\/p>\n<p>&nbsp;<\/p>\n<h2>How to Request Your Account<\/h2>\n<p>Please complete the form below. The Board will verify your details against the apartment register and send your login credentials to the email address provided.<\/p>\n<p>&nbsp;<\/p>\n<\/div>\n<\/div><\/div><\/div><\/div><\/div><noscript class=\"ninja-forms-noscript-message\">\n\tObservera: JavaScript kr\u00e4vs f\u00f6r detta inneh\u00e5ll.<\/noscript>\n<div id=\"nf-form-9-cont\" class=\"nf-form-cont\" aria-live=\"polite\" aria-labelledby=\"nf-form-title-9\" aria-describedby=\"nf-form-errors-9\" role=\"form\">\n\n    <div class=\"nf-loading-spinner\"><\/div>\n\n<\/div>\n        <!-- That data is being printed as a workaround to page builders reordering the order of the scripts loaded-->\n        <script>var formDisplay=1;var nfForms=nfForms||[];var form=[];form.id='9';form.settings={\"objectType\":\"Form Setting\",\"editActive\":true,\"title\":\"Request Website Access\",\"created_at\":\"2025-10-01 09:56:38\",\"default_label_pos\":\"above\",\"show_title\":\"1\",\"clear_complete\":\"1\",\"hide_complete\":\"1\",\"logged_in\":\"\",\"wrapper_class\":\"\",\"element_class\":\"\",\"form_title_heading_level\":\"3\",\"key\":\"\",\"add_submit\":\"1\",\"currency\":\"\",\"unique_field_error\":\"Ett formul\\u00e4r med det h\\u00e4r v\\u00e4rdet har redan skickats.\",\"not_logged_in_msg\":\"\",\"sub_limit_msg\":\"Formul\\u00e4ret har n\\u00e5tt sin inl\\u00e4mningsgr\\u00e4ns.\",\"calculations\":[],\"formContentData\":[\"name_1759305409764\",\"email_address_1759305418035\",\"entrance_1759305446513\",\"apartment_number_1759305461933\",\"submit_1759304534006\"],\"changeEmailErrorMsg\":\"Ange en giltig e-postadress!\",\"changeDateErrorMsg\":\"Ange ett giltigt datum!\",\"confirmFieldErrorMsg\":\"Dessa f\\u00e4lt m\\u00e5ste matcha!\",\"fieldNumberNumMinError\":\"Minnummer-fel\",\"fieldNumberNumMaxError\":\"Maxnummer-fel\",\"fieldNumberIncrementBy\":\"\\u00d6ka med \",\"formErrorsCorrectErrors\":\"R\\u00e4tta till fel innan du skickar in detta formul\\u00e4r.\",\"validateRequiredField\":\"Detta \\u00e4r ett obligatoriskt f\\u00e4lt.\",\"honeypotHoneypotError\":\"Honeypot-fel\",\"fieldsMarkedRequired\":\"F\\u00e4lt markerade med en <span class=\\\"ninja-forms-req-symbol\\\">*<\\\/span> \\u00e4r obligatoriskt\",\"objectDomain\":\"display\",\"drawerDisabled\":false,\"allow_public_link\":0,\"embed_form\":\"\",\"ninjaForms\":\"Ninja Forms\",\"fieldTextareaRTEInsertLink\":\"Infoga l\\u00e4nk\",\"fieldTextareaRTEInsertMedia\":\"Infoga media\",\"fieldTextareaRTESelectAFile\":\"V\\u00e4lj en fil\",\"formHoneypot\":\"Om du \\u00e4r en m\\u00e4nniska som ser detta f\\u00e4lt, l\\u00e4mna det tomt.\",\"fileUploadOldCodeFileUploadInProgress\":\"Filuppladdning p\\u00e5g\\u00e5r.\",\"fileUploadOldCodeFileUpload\":\"FILUPPLADDNING\",\"currencySymbol\":\"&#107;&#114;\",\"thousands_sep\":\"\\u00a0\",\"decimal_point\":\",\",\"siteLocale\":\"sv_SE\",\"dateFormat\":\"m\\\/d\\\/Y\",\"startOfWeek\":\"1\",\"of\":\"av\",\"previousMonth\":\"F\\u00f6reg\\u00e5ende m\\u00e5nad\",\"nextMonth\":\"N\\u00e4sta m\\u00e5nad\",\"months\":[\"Januari\",\"Februari\",\"Mars\",\"April\",\"Maj\",\"Juni\",\"Juli\",\"Augusti\",\"September\",\"Oktober\",\"November\",\"December\"],\"monthsShort\":[\"Jan\",\"Feb\",\"Mar\",\"Apr\",\"Maj\",\"Jun\",\"Jul\",\"Aug\",\"Sep\",\"Okt\",\"Nov\",\"Dec\"],\"weekdays\":[\"S\\u00f6ndag\",\"M\\u00e5ndag\",\"Tisdag\",\"Onsdag\",\"Torsdag\",\"Fredag\",\"L\\u00f6rdag\"],\"weekdaysShort\":[\"S\\u00f6n\",\"M\\u00e5n\",\"Tis\",\"Ons\",\"Tor\",\"Fre\",\"L\\u00f6r\"],\"weekdaysMin\":[\"S\\u00f6\",\"M\\u00e5\",\"Ti\",\"On\",\"To\",\"Fr\",\"L\\u00f6\"],\"recaptchaConsentMissing\":\"reCaptcha validation couldn&#039;t load.\",\"recaptchaMissingCookie\":\"reCaptcha v3 validation couldn&#039;t load the cookie needed to submit the form.\",\"recaptchaConsentEvent\":\"Accept reCaptcha cookies before sending the form.\",\"currency_symbol\":\"\",\"beforeForm\":\"\",\"beforeFields\":\"\",\"afterFields\":\"\",\"afterForm\":\"\"};form.fields=[{\"objectType\":\"Field\",\"objectDomain\":\"fields\",\"editActive\":false,\"order\":1,\"idAttribute\":\"id\",\"type\":\"textbox\",\"label\":\"Name\",\"key\":\"name_1759305409764\",\"label_pos\":\"above\",\"required\":1,\"default\":\"\",\"placeholder\":\"\",\"container_class\":\"\",\"element_class\":\"\",\"input_limit\":\"\",\"input_limit_type\":\"characters\",\"input_limit_msg\":\"Tecken kvar\",\"manual_key\":\"\",\"admin_label\":\"\",\"help_text\":\"\",\"mask\":\"\",\"custom_mask\":\"\",\"custom_name_attribute\":\"\",\"personally_identifiable\":\"\",\"value\":\"\",\"drawerDisabled\":\"\",\"field_label\":\"Namn\",\"field_key\":\"namn_1759304369734\",\"id\":40,\"beforeField\":\"\",\"afterField\":\"\",\"parentType\":\"textbox\",\"element_templates\":[\"textbox\",\"input\"],\"old_classname\":\"\",\"wrap_template\":\"wrap\"},{\"objectType\":\"Field\",\"objectDomain\":\"fields\",\"editActive\":false,\"order\":2,\"idAttribute\":\"id\",\"type\":\"email\",\"label\":\"Email Address\",\"key\":\"email_address_1759305418035\",\"label_pos\":\"above\",\"required\":1,\"default\":\"\",\"placeholder\":\"\",\"container_class\":\"\",\"element_class\":\"\",\"admin_label\":\"\",\"help_text\":\"\",\"custom_name_attribute\":\"email\",\"personally_identifiable\":1,\"value\":\"\",\"drawerDisabled\":\"\",\"field_label\":\"E-post\",\"field_key\":\"email_1759304398272\",\"id\":41,\"beforeField\":\"\",\"afterField\":\"\",\"parentType\":\"email\",\"element_templates\":[\"email\",\"input\"],\"old_classname\":\"\",\"wrap_template\":\"wrap\"},{\"objectType\":\"Field\",\"objectDomain\":\"fields\",\"editActive\":false,\"order\":3,\"idAttribute\":\"id\",\"type\":\"number\",\"label\":\"Entrance\",\"key\":\"entrance_1759305446513\",\"label_pos\":\"above\",\"required\":1,\"default\":\"\",\"placeholder\":\"\",\"container_class\":\"\",\"element_class\":\"\",\"manual_key\":\"\",\"admin_label\":\"\",\"help_text\":\"\",\"num_min\":5,\"num_max\":13,\"num_step\":1,\"value\":\"\",\"drawerDisabled\":\"\",\"field_label\":\"Port\",\"field_key\":\"port_1759304428183\",\"id\":42,\"beforeField\":\"\",\"afterField\":\"\",\"parentType\":\"number\",\"element_templates\":[\"number\",\"input\"],\"old_classname\":\"\",\"wrap_template\":\"wrap\"},{\"objectType\":\"Field\",\"objectDomain\":\"fields\",\"editActive\":false,\"order\":4,\"idAttribute\":\"id\",\"type\":\"number\",\"label\":\"Apartment Number\",\"key\":\"apartment_number_1759305461933\",\"label_pos\":\"above\",\"required\":1,\"default\":\"\",\"placeholder\":\"\",\"container_class\":\"\",\"element_class\":\"\",\"manual_key\":\"\",\"admin_label\":\"\",\"help_text\":\"\",\"num_min\":1,\"num_max\":111,\"num_step\":1,\"value\":\"\",\"drawerDisabled\":false,\"field_label\":\"L\\u00e4genhetsnummer\",\"field_key\":\"laegenhetsnummer_1759304483490\",\"id\":43,\"beforeField\":\"\",\"afterField\":\"\",\"parentType\":\"number\",\"element_templates\":[\"number\",\"input\"],\"old_classname\":\"\",\"wrap_template\":\"wrap\"},{\"objectType\":\"Field\",\"objectDomain\":\"fields\",\"editActive\":false,\"order\":5,\"idAttribute\":\"id\",\"type\":\"submit\",\"label\":\"Submit\",\"processing_label\":\"Behandlas\",\"container_class\":\"\",\"element_class\":\"\",\"key\":\"submit_1759304534006\",\"admin_label\":\"\",\"field_label\":\"Submit\",\"field_key\":\"submit_1759304534006\",\"id\":44,\"beforeField\":\"\",\"afterField\":\"\",\"value\":\"\",\"label_pos\":\"above\",\"parentType\":\"textbox\",\"element_templates\":[\"submit\",\"button\",\"input\"],\"old_classname\":\"\",\"wrap_template\":\"wrap-no-label\"}];nfForms.push(form);<\/script>\n        ","protected":false},"excerpt":{"rendered":"<p>Why Do I Need an Account? Certain parts of our [&hellip;]<\/p>\n","protected":false},"author":730,"featured_media":0,"parent":3010,"menu_order":1,"comment_status":"closed","ping_status":"closed","template":"","meta":{"_mc_calendar":[],"footnotes":""},"class_list":["post-3290","page","type-page","status-publish","hentry","clearfix"],"_links":{"self":[{"href":"https:\/\/brfkapan.se\/index.php?rest_route=\/wp\/v2\/pages\/3290","targetHints":{"allow":["GET"]}}],"collection":[{"href":"https:\/\/brfkapan.se\/index.php?rest_route=\/wp\/v2\/pages"}],"about":[{"href":"https:\/\/brfkapan.se\/index.php?rest_route=\/wp\/v2\/types\/page"}],"author":[{"embeddable":true,"href":"https:\/\/brfkapan.se\/index.php?rest_route=\/wp\/v2\/users\/730"}],"replies":[{"embeddable":true,"href":"https:\/\/brfkapan.se\/index.php?rest_route=%2Fwp%2Fv2%2Fcomments&post=3290"}],"version-history":[{"count":2,"href":"https:\/\/brfkapan.se\/index.php?rest_route=\/wp\/v2\/pages\/3290\/revisions"}],"predecessor-version":[{"id":3383,"href":"https:\/\/brfkapan.se\/index.php?rest_route=\/wp\/v2\/pages\/3290\/revisions\/3383"}],"up":[{"embeddable":true,"href":"https:\/\/brfkapan.se\/index.php?rest_route=\/wp\/v2\/pages\/3010"}],"wp:attachment":[{"href":"https:\/\/brfkapan.se\/index.php?rest_route=%2Fwp%2Fv2%2Fmedia&parent=3290"}],"curies":[{"name":"wp","href":"https:\/\/api.w.org\/{rel}","templated":true}]}}