{"id":3140,"date":"2025-09-28T20:59:45","date_gmt":"2025-09-28T18:59:45","guid":{"rendered":"https:\/\/brfkapan.se\/?page_id=3140"},"modified":"2025-10-01T15:55:08","modified_gmt":"2025-10-01T13:55:08","slug":"maklarinformation-kopia","status":"publish","type":"page","link":"https:\/\/brfkapan.se\/?page_id=3140&lang=en","title":{"rendered":"Information for Brokers"},"content":{"rendered":"<div id=\"pl-3140\"  class=\"panel-layout\" ><div id=\"pg-3140-0\"  class=\"panel-grid panel-no-style\" ><div id=\"pgc-3140-0-0\"  class=\"panel-grid-cell\" ><div id=\"panel-3140-0-0-0\" class=\"so-panel widget widget_sow-editor panel-first-child panel-last-child\" data-index=\"0\" ><div\n\t\t\t\n\t\t\tclass=\"so-widget-sow-editor so-widget-sow-editor-base\"\n\t\t\t\n\t\t>\n<div class=\"siteorigin-widget-tinymce textwidget\">\n\t<p><strong>Welcome to Brf K\u00e5pan!<\/strong><\/p>\n<p>This page is primarily intended as a guide for <b>brokers<\/b> who are mediating a residence in the association, as well as for prospective buyers. Answers to common questions, such as upcoming significant renovations, fee increases, and financial details, can usually be found in the annual report.<\/p>\n<hr \/>\n<p>&nbsp;<\/p>\n<h3><strong>Broadband + IP Telephony<\/strong><\/h3>\n<p>The association has signed a group connection agreement with <b>Telenor<\/b> (formerly Bredbandsbolaget) for broadband and IP telephony. This means that a <b>WIFI router<\/b>, <b>250\/250 Mbit<\/b> internet connection, and <b>IP telephony<\/b> are included in the monthly fee. For IP telephony, only the variable costs (outgoing call charges) are paid by the resident.<\/p>\n<hr \/>\n<p>&nbsp;<\/p>\n<h3><strong>Cooperative Housing Supplement \u2013 Insurance<\/strong><\/h3>\n<p>Brf K\u00e5pan has signed a collective <b>cooperative housing supplement<\/b> (bostadsr\u00e4ttstill\u00e4gg) as a complement to the home insurance via <b>TryggHansa<\/b>. This is to ensure that no resident misses this crucial coverage, which can be costly in case of an accident. This insurance is included in the monthly fee. However, you, as a housing cooperative holder, must still take out a <b>personal home insurance<\/b> (hemf\u00f6rs\u00e4kring) to obtain full insurance coverage.<\/p>\n<hr \/>\n<p>&nbsp;<\/p>\n<h3><strong>Finances<\/strong><\/h3>\n<p>The association has a stable financial standing with a debt-to-equity ratio of approximately <b>SEK 3,450 per square meter<\/b>. The association continuously amortizes its loans. For detailed financial information and history, please refer to the annual reports.<\/p>\n<p>The association's four most recent fee increases are:<\/p>\n<ul>\n<li>2025-07-01: <b>10%<\/b><\/li>\n<li>2024-04-01: <b>5.0%<\/b><\/li>\n<li>2023-07-01: <b>4.0%<\/b><\/li>\n<li>2003-01-01: <b>3.0%<\/b><\/li>\n<\/ul>\n<hr \/>\n<p>&nbsp;<\/p>\n<h3><strong>Electricity Contract<\/strong><\/h3>\n<p>The association has signed a <b>joint electricity contract<\/b> for all members and applies individual metering. This means that the individual apartment owner does not need, or cannot, sign an individual electricity subscription. The cost of electricity consumption is added to the monthly fee invoice and is delayed by 3 months due to administrative reasons. This means that the invoice due on January 31 includes electricity consumption for the month of October.<\/p>\n<hr \/>\n<p>&nbsp;<\/p>\n<h3><strong>Garage<\/strong><\/h3>\n<p>Brf K\u00e5pan holds an <b>easement<\/b> that grants us access to parking spaces in the parking garage on G\u00f6talandsv\u00e4gen, near the entrance to Solberga \u00c4ngsv\u00e4g. Both parking spaces with and without cages are available for rent in this garage. We have no outdoor parking spaces, as that is land owned by the City of Stockholm.<\/p>\n<ul>\n<li>Parking space without cage: <b>SEK 330\/month<\/b><\/li>\n<li>Parking space with cage: <b>SEK 495\/month<\/b><\/li>\n<\/ul>\n<p>The waiting list system is administered by the Brf K\u00e5pan board. The wait time depends entirely on whether the apartments being sold have a parking space or not. For the current queue length, if you wish to join the queue, or for any other questions about the garage, please refer to the <b><a href=\"https:\/\/brfkapan.se\/?page_id=3113\">Garage page<\/a>.<\/b><\/p>\n<hr \/>\n<p>&nbsp;<\/p>\n<h3><strong>Cable TV<\/strong><\/h3>\n<p>The association has a group connection agreement with <b>Tele2<\/b> (formerly Com Hem) for digital TV. The basic package covered by the association currently includes these channels:<\/p>\n<p><i>(H\u00e4r kan ni fylla i vilka kanaler som ing\u00e5r)<\/i><\/p>\n<p><a href=\"http:\/\/brfkapan.se\/wp-content\/uploads\/2016\/10\/svt1-data.png\"><img loading=\"lazy\" decoding=\"async\" class=\"alignnone wp-image-1139\" src=\"http:\/\/brfkapan.se\/wp-content\/uploads\/2016\/10\/svt1-data.png\" alt=\"svt1-data\" width=\"80\" height=\"40\" srcset=\"https:\/\/brfkapan.se\/wp-content\/uploads\/2016\/10\/svt1-data.png 150w, https:\/\/brfkapan.se\/wp-content\/uploads\/2016\/10\/svt1-data-100x50.png 100w\" sizes=\"auto, (max-width: 80px) 100vw, 80px\" \/><\/a>\u00a0<a href=\"http:\/\/brfkapan.se\/wp-content\/uploads\/2016\/10\/svt2-data.png\"><img loading=\"lazy\" decoding=\"async\" class=\"alignnone wp-image-1140\" src=\"http:\/\/brfkapan.se\/wp-content\/uploads\/2016\/10\/svt2-data-150x75.png\" alt=\"svt2-data\" width=\"80\" height=\"40\" srcset=\"https:\/\/brfkapan.se\/wp-content\/uploads\/2016\/10\/svt2-data.png 150w, https:\/\/brfkapan.se\/wp-content\/uploads\/2016\/10\/svt2-data-100x50.png 100w\" sizes=\"auto, (max-width: 80px) 100vw, 80px\" \/><\/a>\u00a0<a href=\"http:\/\/brfkapan.se\/wp-content\/uploads\/2016\/10\/svt24-data.png\"><img loading=\"lazy\" decoding=\"async\" class=\"alignnone wp-image-1141\" src=\"http:\/\/brfkapan.se\/wp-content\/uploads\/2016\/10\/svt24-data-150x75.png\" alt=\"svt24-data\" width=\"80\" height=\"40\" \/><\/a>\u00a0<a href=\"http:\/\/brfkapan.se\/wp-content\/uploads\/2016\/10\/kunskapskanalen-ny-data.png\"><img loading=\"lazy\" decoding=\"async\" class=\"alignnone wp-image-1154\" src=\"http:\/\/brfkapan.se\/wp-content\/uploads\/2016\/10\/kunskapskanalen-ny-data-150x75.png\" alt=\"kunskapskanalen-ny-data\" width=\"80\" height=\"40\" srcset=\"https:\/\/brfkapan.se\/wp-content\/uploads\/2016\/10\/kunskapskanalen-ny-data.png 150w, https:\/\/brfkapan.se\/wp-content\/uploads\/2016\/10\/kunskapskanalen-ny-data-100x50.png 100w\" sizes=\"auto, (max-width: 80px) 100vw, 80px\" \/><\/a>\u00a0<a href=\"http:\/\/brfkapan.se\/wp-content\/uploads\/2016\/10\/barnkanalen-logo-data.png\"><img loading=\"lazy\" decoding=\"async\" class=\"alignnone wp-image-1149\" src=\"http:\/\/brfkapan.se\/wp-content\/uploads\/2016\/10\/barnkanalen-logo-data-150x75.png\" alt=\"barnkanalen-logo-data\" width=\"80\" height=\"40\" srcset=\"https:\/\/brfkapan.se\/wp-content\/uploads\/2016\/10\/barnkanalen-logo-data.png 150w, https:\/\/brfkapan.se\/wp-content\/uploads\/2016\/10\/barnkanalen-logo-data-100x50.png 100w\" sizes=\"auto, (max-width: 80px) 100vw, 80px\" \/><\/a>\u00a0<a href=\"http:\/\/brfkapan.se\/wp-content\/uploads\/2016\/10\/tv3-logo-data.png\"><img loading=\"lazy\" decoding=\"async\" class=\"alignnone wp-image-1143\" src=\"http:\/\/brfkapan.se\/wp-content\/uploads\/2016\/10\/tv3-logo-data-150x75.png\" alt=\"tv3-logo-data\" width=\"80\" height=\"40\" srcset=\"https:\/\/brfkapan.se\/wp-content\/uploads\/2016\/10\/tv3-logo-data.png 150w, https:\/\/brfkapan.se\/wp-content\/uploads\/2016\/10\/tv3-logo-data-100x50.png 100w\" sizes=\"auto, (max-width: 80px) 100vw, 80px\" \/><\/a>\u00a0<a href=\"http:\/\/brfkapan.se\/wp-content\/uploads\/2016\/10\/tv4-data.png\"><img loading=\"lazy\" decoding=\"async\" class=\"alignnone wp-image-1144\" src=\"http:\/\/brfkapan.se\/wp-content\/uploads\/2016\/10\/tv4-data-150x75.png\" alt=\"tv4-data\" width=\"80\" height=\"40\" srcset=\"https:\/\/brfkapan.se\/wp-content\/uploads\/2016\/10\/tv4-data.png 150w, https:\/\/brfkapan.se\/wp-content\/uploads\/2016\/10\/tv4-data-100x50.png 100w\" sizes=\"auto, (max-width: 80px) 100vw, 80px\" \/><\/a>\u00a0<a href=\"http:\/\/brfkapan.se\/wp-content\/uploads\/2016\/10\/kanal5-data.png\"><img loading=\"lazy\" decoding=\"async\" class=\"alignnone wp-image-1151\" src=\"http:\/\/brfkapan.se\/wp-content\/uploads\/2016\/10\/kanal5-data-150x75.png\" alt=\"kanal5-data\" width=\"80\" height=\"40\" srcset=\"https:\/\/brfkapan.se\/wp-content\/uploads\/2016\/10\/kanal5-data.png 150w, https:\/\/brfkapan.se\/wp-content\/uploads\/2016\/10\/kanal5-data-100x50.png 100w\" sizes=\"auto, (max-width: 80px) 100vw, 80px\" \/><\/a>\u00a0<a href=\"http:\/\/brfkapan.se\/wp-content\/uploads\/2016\/10\/tv6-data.png\"><img loading=\"lazy\" decoding=\"async\" class=\"alignnone wp-image-1145\" src=\"http:\/\/brfkapan.se\/wp-content\/uploads\/2016\/10\/tv6-data-150x75.png\" alt=\"tv6-data\" width=\"80\" height=\"40\" srcset=\"https:\/\/brfkapan.se\/wp-content\/uploads\/2016\/10\/tv6-data.png 150w, https:\/\/brfkapan.se\/wp-content\/uploads\/2016\/10\/tv6-data-100x50.png 100w\" sizes=\"auto, (max-width: 80px) 100vw, 80px\" \/><\/a>\u00a0<a href=\"http:\/\/brfkapan.se\/wp-content\/uploads\/2016\/10\/sjuan-data.png\"><img loading=\"lazy\" decoding=\"async\" class=\"alignnone wp-image-1155\" src=\"http:\/\/brfkapan.se\/wp-content\/uploads\/2016\/10\/sjuan-data-150x75.png\" alt=\"sjuan-data\" width=\"80\" height=\"40\" srcset=\"https:\/\/brfkapan.se\/wp-content\/uploads\/2016\/10\/sjuan-data.png 150w, https:\/\/brfkapan.se\/wp-content\/uploads\/2016\/10\/sjuan-data-100x50.png 100w\" sizes=\"auto, (max-width: 80px) 100vw, 80px\" \/><\/a>\u00a0<a href=\"http:\/\/brfkapan.se\/wp-content\/uploads\/2016\/10\/tv8-data.png\"><img loading=\"lazy\" decoding=\"async\" class=\"alignnone wp-image-1146\" src=\"http:\/\/brfkapan.se\/wp-content\/uploads\/2016\/10\/tv8-data-150x75.png\" alt=\"tv8-data\" width=\"80\" height=\"40\" srcset=\"https:\/\/brfkapan.se\/wp-content\/uploads\/2016\/10\/tv8-data.png 150w, https:\/\/brfkapan.se\/wp-content\/uploads\/2016\/10\/tv8-data-100x50.png 100w\" sizes=\"auto, (max-width: 80px) 100vw, 80px\" \/><\/a>\u00a0<a href=\"http:\/\/brfkapan.se\/wp-content\/uploads\/2016\/10\/kanal-9-logo-data.png\"><img loading=\"lazy\" decoding=\"async\" class=\"alignnone wp-image-1152\" src=\"http:\/\/brfkapan.se\/wp-content\/uploads\/2016\/10\/kanal-9-logo-data-150x75.png\" alt=\"kanal-9-logo-data\" width=\"80\" height=\"40\" srcset=\"https:\/\/brfkapan.se\/wp-content\/uploads\/2016\/10\/kanal-9-logo-data.png 150w, https:\/\/brfkapan.se\/wp-content\/uploads\/2016\/10\/kanal-9-logo-data-100x50.png 100w\" sizes=\"auto, (max-width: 80px) 100vw, 80px\" \/><\/a>\u00a0\u00a0<a href=\"https:\/\/brfkapan.se\/wp-content\/uploads\/2021\/08\/Logo_TV12_liten.png\"><img loading=\"lazy\" decoding=\"async\" class=\"alignnone wp-image-1153\" src=\"http:\/\/brfkapan.se\/wp-content\/uploads\/2016\/10\/kanal11-data-150x75.png\" alt=\"kanal11-data\" width=\"80\" height=\"40\" srcset=\"https:\/\/brfkapan.se\/wp-content\/uploads\/2016\/10\/kanal11-data.png 150w, https:\/\/brfkapan.se\/wp-content\/uploads\/2016\/10\/kanal11-data-100x50.png 100w\" sizes=\"auto, (max-width: 80px) 100vw, 80px\" \/><img loading=\"lazy\" decoding=\"async\" class=\"alignnone wp-image-2107\" src=\"https:\/\/brfkapan.se\/wp-content\/uploads\/2021\/08\/Logo_TV12_liten.png\" alt=\"\" width=\"80\" height=\"40\" srcset=\"https:\/\/brfkapan.se\/wp-content\/uploads\/2021\/08\/Logo_TV12_liten.png 150w, https:\/\/brfkapan.se\/wp-content\/uploads\/2021\/08\/Logo_TV12_liten-100x50.png 100w\" sizes=\"auto, (max-width: 80px) 100vw, 80px\" \/><\/a> <img loading=\"lazy\" decoding=\"async\" class=\"alignnone wp-image-1985\" src=\"https:\/\/brfkapan.se\/wp-content\/uploads\/2020\/10\/Logo_ATG-Live_Liten.png\" alt=\"\" width=\"80\" height=\"40\" srcset=\"https:\/\/brfkapan.se\/wp-content\/uploads\/2020\/10\/Logo_ATG-Live_Liten.png 150w, https:\/\/brfkapan.se\/wp-content\/uploads\/2020\/10\/Logo_ATG-Live_Liten-100x50.png 100w\" sizes=\"auto, (max-width: 80px) 100vw, 80px\" \/>\u00a0<img loading=\"lazy\" decoding=\"async\" class=\"alignnone wp-image-1986\" src=\"https:\/\/brfkapan.se\/wp-content\/uploads\/2020\/10\/tvfinland-data.png\" alt=\"\" width=\"80\" height=\"40\" srcset=\"https:\/\/brfkapan.se\/wp-content\/uploads\/2020\/10\/tvfinland-data.png 150w, https:\/\/brfkapan.se\/wp-content\/uploads\/2020\/10\/tvfinland-data-100x50.png 100w\" sizes=\"auto, (max-width: 80px) 100vw, 80px\" \/>\u00a0<img loading=\"lazy\" decoding=\"async\" class=\"alignnone wp-image-1984\" src=\"https:\/\/brfkapan.se\/wp-content\/uploads\/2020\/10\/Logo_-_Lokal-tv_-_liten.png\" alt=\"\" width=\"80\" height=\"40\" srcset=\"https:\/\/brfkapan.se\/wp-content\/uploads\/2020\/10\/Logo_-_Lokal-tv_-_liten.png 150w, https:\/\/brfkapan.se\/wp-content\/uploads\/2020\/10\/Logo_-_Lokal-tv_-_liten-100x50.png 100w\" sizes=\"auto, (max-width: 80px) 100vw, 80px\" \/><\/p>\n<p>The basic channel selection changes occasionally; please check the current selection with <a href=\"https:\/\/www.tele2.se\/kundservice\/tv-och-play\/grundutbud\">Tele2<\/a>.<\/p>\n<hr \/>\n<p>&nbsp;<\/p>\n<h3><strong>Broker's Information (M\u00e4klarbild)<\/strong><\/h3>\n<p><b>HSB Stockholm<\/b> provides the broker's information (m\u00e4klarbild) and charges a fee for this service.<\/p>\n<p>As a broker, you can use the <b>HSB Portal<\/b> to get a simpler and faster handling of documents related to an apartment transfer. When you use the transfer service, the board and you, as the broker, can follow the status of the case. You can also retrieve broker's information and view price statistics. Connecting to the portal is free of charge, but an agreement with HSB Stockholm is required. Once you have received a brokerage assignment and register a transfer, you will be charged a sum per transfer.<\/p>\n<hr \/>\n<p>&nbsp;<\/p>\n<h3><strong>Keys<\/strong><\/h3>\n<p>Each apartment includes a set of keys as listed below. Note that it is the responsibility of the seller and the buyer to ensure the correct number\/set of keys is present upon sale.<\/p>\n<ul>\n<li><b>Apartment keys:<\/b> 5 keys (new keys must be ordered via the board)<\/li>\n<li><b>Police keys:<\/b> 5 keys<\/li>\n<li><b>Entry tags (Brickor till port mm.):<\/b> 5 tags<\/li>\n<li><b>Household keys (Hush\u00e5llsnycklar):<\/b> 2 keys (new keys must be ordered via the board)<\/li>\n<li><b>Booking keys (Laundry room):<\/b> 2 keys<\/li>\n<li><b>Mailbox keys:<\/b> 3 keys<\/li>\n<\/ul>\n<p>If the owner wishes to change the cylinder lock for the apartment for any reason, this must be reported to the board, as the order must be placed by the key manager in the association. Review the <b>Checklist for handing over the residence (pdf)<\/b> to avoid problems later.<\/p>\n<hr \/>\n<p>&nbsp;<\/p>\n<h3><strong>Renovation<\/strong><\/h3>\n<p>Keep in mind that permission may be required for renovation, depending on the scope of the renovation. Permission may be required both from the association's board and, in some cases, from the City Planning Office (stadsbyggnadskontoret). Contact the board well in advance of any renovation to avoid complications.<\/p>\n<hr \/>\n<p>&nbsp;<\/p>\n<h3><strong>Water and Heating<\/strong><\/h3>\n<p>In 2020, the association installed a <b>geothermal heating system<\/b> (bergv\u00e4rmeanl\u00e4ggning) for heating the property. Tap water is heated by district heating. There is no individual metering of water. Heating, hot water, and cold water are <b>included<\/b> in the monthly fee.<\/p>\n<hr \/>\n<p>&nbsp;<\/p>\n<h3><strong>Documents<\/strong><\/h3>\n<ul>\n<li>[<a href=\"https:\/\/brfkapan.se\/wp-content\/uploads\/2023\/02\/Checklista_maklare_2023-02-11.pdf\">Checklist for handing over the residence (pdf)<\/a>]<\/li>\n<li>[<a href=\"https:\/\/brfkapan.se\/wp-content\/uploads\/2019\/12\/Stadgar.pdf\">Bylaws (Stadgar) (pdf)<\/a>]<\/li>\n<li>[<a href=\"https:\/\/brfkapan.se\/?page_id=3256\">Annual Reports (\u00c5rsredovisningar)<\/a>]<\/li>\n<\/ul>\n<\/div>\n<\/div><\/div><\/div><\/div><\/div>","protected":false},"excerpt":{"rendered":"<p>Welcome to Brf K\u00e5pan! This page is primarily intended as [&hellip;]<\/p>\n","protected":false},"author":730,"featured_media":0,"parent":0,"menu_order":0,"comment_status":"closed","ping_status":"closed","template":"page-templates\/page_fullwidth.php","meta":{"_mc_calendar":[],"footnotes":""},"class_list":["post-3140","page","type-page","status-publish","hentry","clearfix"],"_links":{"self":[{"href":"https:\/\/brfkapan.se\/index.php?rest_route=\/wp\/v2\/pages\/3140","targetHints":{"allow":["GET"]}}],"collection":[{"href":"https:\/\/brfkapan.se\/index.php?rest_route=\/wp\/v2\/pages"}],"about":[{"href":"https:\/\/brfkapan.se\/index.php?rest_route=\/wp\/v2\/types\/page"}],"author":[{"embeddable":true,"href":"https:\/\/brfkapan.se\/index.php?rest_route=\/wp\/v2\/users\/730"}],"replies":[{"embeddable":true,"href":"https:\/\/brfkapan.se\/index.php?rest_route=%2Fwp%2Fv2%2Fcomments&post=3140"}],"version-history":[{"count":8,"href":"https:\/\/brfkapan.se\/index.php?rest_route=\/wp\/v2\/pages\/3140\/revisions"}],"predecessor-version":[{"id":3294,"href":"https:\/\/brfkapan.se\/index.php?rest_route=\/wp\/v2\/pages\/3140\/revisions\/3294"}],"wp:attachment":[{"href":"https:\/\/brfkapan.se\/index.php?rest_route=%2Fwp%2Fv2%2Fmedia&parent=3140"}],"curies":[{"name":"wp","href":"https:\/\/api.w.org\/{rel}","templated":true}]}}