{"id":2991,"date":"2025-07-06T21:09:51","date_gmt":"2025-07-06T19:09:51","guid":{"rendered":"https:\/\/brfkapan.se\/?page_id=2991"},"modified":"2025-07-06T21:09:51","modified_gmt":"2025-07-06T19:09:51","slug":"where-the-association-is-located","status":"publish","type":"page","link":"https:\/\/brfkapan.se\/?page_id=2991&lang=en","title":{"rendered":"Where the association is located"},"content":{"rendered":"<div id=\"pl-2991\"  class=\"panel-layout\" ><div id=\"pg-2991-0\"  class=\"panel-grid panel-no-style\" ><div id=\"pgc-2991-0-0\"  class=\"panel-grid-cell\" ><div id=\"panel-2991-0-0-0\" class=\"so-panel widget widget_sow-editor panel-first-child\" data-index=\"0\" ><div\n\t\t\t\n\t\t\tclass=\"so-widget-sow-editor so-widget-sow-editor-base\"\n\t\t\t\n\t\t>\n<div class=\"siteorigin-widget-tinymce textwidget\">\n\t<p data-start=\"38\" data-end=\"384\">Brf K\u00e5pan\u2019s properties are peacefully and beautifully situated with car-free green courtyards, within walking distance to \u00c4lvsj\u00f6 Centrum. Right next to the property, you'll find a <a href=\"https:\/\/www.sats.se\/satselixia\/\">SATS gym<\/a>. There is also close access to amenities such as Coop, Handelsbanken, a pharmacy, healthcare center, and library. Several preschools are located in the area.<\/p>\n<p data-start=\"386\" data-end=\"582\">\u00c4lvsj\u00f6 is a hub in Stockholm's public transportation network, and it takes about 4 minutes to walk to the commuter train station. The commuter train reaches Stockholm Central in about 10 minutes.<\/p>\n<p data-start=\"584\" data-end=\"854\">Several bus lines also depart just outside the association, including bus 142 which connects to the subway station Telefonplan and the red metro line. Additional bus lines at \u00c4lvsj\u00f6 Centrum connect to the green metro line as well as the cross-town tram line (Tv\u00e4rbanan).<\/p>\n<p data-start=\"856\" data-end=\"1099\">Beautiful recreational areas can be found in the \u00c4lvsj\u00f6 forest, and there are nearby sports fields, parks, and excellent cycling paths leading into central Stockholm.<br data-start=\"1022\" data-end=\"1025\" \/>For more information about public transport, visit <a class=\"\" href=\"https:\/\/sl.se\" target=\"_new\" rel=\"noopener\" data-start=\"1076\" data-end=\"1098\">sl.se<\/a>.<\/p>\n<p data-start=\"1101\" data-end=\"1264\" data-is-last-node=\"\" data-is-only-node=\"\">\u00c4lvsj\u00f6 Centrum is an area undergoing major development, with new housing, restaurants, and shops being added \u2014 all conveniently located next to the commuter train.<\/p>\n<\/div>\n<\/div><\/div><div id=\"panel-2991-0-0-1\" class=\"so-panel widget widget_sow-google-map panel-last-child\" data-index=\"1\" ><div\n\t\t\t\n\t\t\tclass=\"so-widget-sow-google-map so-widget-sow-google-map-default-5006d6f6236c-2991\"\n\t\t\t\n\t\t>\n<div class=\"sow-google-map-canvas\"\n\tstyle=\"\"\n\tid=\"map-canvas-dfbef70793f0198c0e2d58090bfe6f9b\"\n\tdata-options=\"{&quot;address&quot;:&quot;Solberga \\u00e4ngsv\\u00e4g&quot;,&quot;zoom&quot;:15,&quot;mobileZoom&quot;:15,&quot;gestureHandling&quot;:&quot;greedy&quot;,&quot;disableUi&quot;:false,&quot;markerIcon&quot;:false,&quot;markersDraggable&quot;:false,&quot;markerAtCenter&quot;:true,&quot;markerInfoDisplay&quot;:&quot;click&quot;,&quot;markerInfoMultiple&quot;:true,&quot;markerPositions&quot;:false,&quot;mapName&quot;:false,&quot;mapStyles&quot;:false,&quot;directions&quot;:&quot;&quot;,&quot;apiKey&quot;:&quot;AIzaSyAtGco9f15SYzzIQRXOIvWRQ3dKpws0Lm0&quot;,&quot;breakpoint&quot;:780,&quot;id&quot;:&quot;69d0de&quot;}\"\n\tdata-fallback-image=\"{&quot;img&quot;:&quot;&quot;}\"><\/div>\n<\/div><\/div><\/div><\/div><\/div>","protected":false},"excerpt":{"rendered":"<p>Brf K\u00e5pan\u2019s properties are peacefully and beautifully situated with car-free [&hellip;]<\/p>\n","protected":false},"author":730,"featured_media":0,"parent":0,"menu_order":0,"comment_status":"closed","ping_status":"closed","template":"page-templates\/page_fullwidth.php","meta":{"_mc_calendar":[],"footnotes":""},"class_list":["post-2991","page","type-page","status-publish","hentry","clearfix"],"_links":{"self":[{"href":"https:\/\/brfkapan.se\/index.php?rest_route=\/wp\/v2\/pages\/2991","targetHints":{"allow":["GET"]}}],"collection":[{"href":"https:\/\/brfkapan.se\/index.php?rest_route=\/wp\/v2\/pages"}],"about":[{"href":"https:\/\/brfkapan.se\/index.php?rest_route=\/wp\/v2\/types\/page"}],"author":[{"embeddable":true,"href":"https:\/\/brfkapan.se\/index.php?rest_route=\/wp\/v2\/users\/730"}],"replies":[{"embeddable":true,"href":"https:\/\/brfkapan.se\/index.php?rest_route=%2Fwp%2Fv2%2Fcomments&post=2991"}],"version-history":[{"count":2,"href":"https:\/\/brfkapan.se\/index.php?rest_route=\/wp\/v2\/pages\/2991\/revisions"}],"predecessor-version":[{"id":2993,"href":"https:\/\/brfkapan.se\/index.php?rest_route=\/wp\/v2\/pages\/2991\/revisions\/2993"}],"wp:attachment":[{"href":"https:\/\/brfkapan.se\/index.php?rest_route=%2Fwp%2Fv2%2Fmedia&parent=2991"}],"curies":[{"name":"wp","href":"https:\/\/api.w.org\/{rel}","templated":true}]}}